{"id":80,"date":"2026-01-08T16:53:46","date_gmt":"2026-01-08T16:53:46","guid":{"rendered":"https:\/\/utilityconnectsolutions.com\/?page_id=80"},"modified":"2026-01-28T23:19:22","modified_gmt":"2026-01-28T23:19:22","slug":"about","status":"publish","type":"page","link":"https:\/\/utilityconnectsolutions.com\/es\/about\/","title":{"rendered":"ACERCA DE"},"content":{"rendered":"<div data-elementor-type=\"wp-page\" data-elementor-id=\"80\" class=\"elementor elementor-80\" data-elementor-post-type=\"page\">\n\t\t\t\t<div class=\"elementor-element elementor-element-4c04a41c e-flex e-con-boxed e-con e-parent\" data-id=\"4c04a41c\" data-element_type=\"container\" data-e-type=\"container\" data-settings=\"{&quot;background_background&quot;:&quot;classic&quot;}\">\n\t\t\t\t\t<div class=\"e-con-inner\">\n\t\t\t\t<div class=\"elementor-element elementor-element-40955a2a elementor-widget elementor-widget-heading\" data-id=\"40955a2a\" data-element_type=\"widget\" data-e-type=\"widget\" data-widget_type=\"heading.default\">\n\t\t\t\t\t<h2 class=\"elementor-heading-title elementor-size-default\">Sobre nosotros<\/h2>\t\t\t\t<\/div>\n\t\t\t\t\t<\/div>\n\t\t\t\t<\/div>\n\t\t<div class=\"elementor-element elementor-element-0e51e8f e-flex e-con-boxed e-con e-parent\" data-id=\"0e51e8f\" data-element_type=\"container\" data-e-type=\"container\">\n\t\t\t\t\t<div class=\"e-con-inner\">\n\t\t<div class=\"elementor-element elementor-element-4c3b8a7 e-con-full e-flex e-con e-child\" data-id=\"4c3b8a7\" data-element_type=\"container\" data-e-type=\"container\">\n\t\t\t\t<div class=\"elementor-element elementor-element-7e8e293 elementor-invisible elementor-widget elementor-widget-image\" data-id=\"7e8e293\" data-element_type=\"widget\" data-e-type=\"widget\" data-settings=\"{&quot;_animation&quot;:&quot;fadeInLeft&quot;}\" data-widget_type=\"image.default\">\n\t\t\t\t\t\t\t\t\t\t\t\t\t\t\t<img fetchpriority=\"high\" decoding=\"async\" width=\"2000\" height=\"1333\" src=\"https:\/\/utilityconnectsolutions.com\/wp-content\/uploads\/2026\/01\/green-energy-sales-manager.jpg\" class=\"attachment-full size-full wp-image-360\" alt=\"\" srcset=\"https:\/\/utilityconnectsolutions.com\/wp-content\/uploads\/2026\/01\/green-energy-sales-manager.jpg 2000w, https:\/\/utilityconnectsolutions.com\/wp-content\/uploads\/2026\/01\/green-energy-sales-manager-300x200.jpg 300w, https:\/\/utilityconnectsolutions.com\/wp-content\/uploads\/2026\/01\/green-energy-sales-manager-1024x682.jpg 1024w, https:\/\/utilityconnectsolutions.com\/wp-content\/uploads\/2026\/01\/green-energy-sales-manager-768x512.jpg 768w, https:\/\/utilityconnectsolutions.com\/wp-content\/uploads\/2026\/01\/green-energy-sales-manager-1536x1024.jpg 1536w, https:\/\/utilityconnectsolutions.com\/wp-content\/uploads\/2026\/01\/green-energy-sales-manager-18x12.jpg 18w\" sizes=\"(max-width: 2000px) 100vw, 2000px\" \/>\t\t\t\t\t\t\t\t\t\t\t\t\t\t\t<\/div>\n\t\t<div class=\"elementor-element elementor-element-0d17684 e-con-full e-flex e-con e-child\" data-id=\"0d17684\" data-element_type=\"container\" data-e-type=\"container\">\n\t\t\t\t<div class=\"elementor-element elementor-element-e4cc714 elementor-invisible elementor-widget elementor-widget-image\" data-id=\"e4cc714\" data-element_type=\"widget\" data-e-type=\"widget\" data-settings=\"{&quot;_animation&quot;:&quot;fadeInLeft&quot;}\" data-widget_type=\"image.default\">\n\t\t\t\t\t\t\t\t\t\t\t\t\t\t\t<img decoding=\"async\" width=\"626\" height=\"417\" src=\"https:\/\/utilityconnectsolutions.com\/wp-content\/uploads\/2026\/01\/equipo-trabajo-oficina-saludando-su-nuevo-empleado-masculino-afroamericano_93675-126213.avif\" class=\"attachment-full size-full wp-image-356\" alt=\"\" srcset=\"https:\/\/utilityconnectsolutions.com\/wp-content\/uploads\/2026\/01\/equipo-trabajo-oficina-saludando-su-nuevo-empleado-masculino-afroamericano_93675-126213.avif 626w, https:\/\/utilityconnectsolutions.com\/wp-content\/uploads\/2026\/01\/equipo-trabajo-oficina-saludando-su-nuevo-empleado-masculino-afroamericano_93675-126213-300x200.avif 300w, https:\/\/utilityconnectsolutions.com\/wp-content\/uploads\/2026\/01\/equipo-trabajo-oficina-saludando-su-nuevo-empleado-masculino-afroamericano_93675-126213-18x12.avif 18w\" sizes=\"(max-width: 626px) 100vw, 626px\" \/>\t\t\t\t\t\t\t\t\t\t\t\t\t\t\t<\/div>\n\t\t\t\t<\/div>\n\t\t\t\t<\/div>\n\t\t<div class=\"elementor-element elementor-element-f7125a3 e-con-full e-flex e-con e-child\" data-id=\"f7125a3\" data-element_type=\"container\" data-e-type=\"container\">\n\t\t<div class=\"elementor-element elementor-element-28c2b1b e-con-full e-flex e-con e-child\" data-id=\"28c2b1b\" data-element_type=\"container\" data-e-type=\"container\">\n\t\t<div class=\"elementor-element elementor-element-5ae48ec e-con-full e-flex e-con e-child\" data-id=\"5ae48ec\" data-element_type=\"container\" data-e-type=\"container\">\n\t\t\t\t<div class=\"elementor-element elementor-element-7eebb3c elementor-widget elementor-widget-heading\" data-id=\"7eebb3c\" data-element_type=\"widget\" data-e-type=\"widget\" data-widget_type=\"heading.default\">\n\t\t\t\t\t<h2 class=\"elementor-heading-title elementor-size-default\">Qui\u00e9nes somos<\/h2>\t\t\t\t<\/div>\n\t\t\t\t<\/div>\n\t\t<div class=\"elementor-element elementor-element-754c236 e-con-full e-flex e-con e-child\" data-id=\"754c236\" data-element_type=\"container\" data-e-type=\"container\">\n\t\t\t\t<div class=\"elementor-element elementor-element-0748942 elementor-widget elementor-widget-heading\" data-id=\"0748942\" data-element_type=\"widget\" data-e-type=\"widget\" data-widget_type=\"heading.default\">\n\t\t\t\t\t<h2 class=\"elementor-heading-title elementor-size-default\">Expertos en conexiones de servicios de confianza<\/h2>\t\t\t\t<\/div>\n\t\t\t\t<\/div>\n\t\t\t\t<\/div>\n\t\t\t\t<div class=\"elementor-element elementor-element-de5a1d4 elementor-widget elementor-widget-text-editor\" data-id=\"de5a1d4\" data-element_type=\"widget\" data-e-type=\"widget\" data-widget_type=\"text-editor.default\">\n\t\t\t\t\t\t\t\t\t<p data-start=\"1560\" data-end=\"1730\">En <strong data-start=\"1563\" data-end=\"1592\">utility connect solution<\/strong>, nos especializamos en <strong data-start=\"1611\" data-end=\"1675\">Instalaciones de servicios basados \u200b\u200ben contratos y conexiones de servicios p\u00fablicos<\/strong> para clientes residenciales y comerciales en todo Texas.<\/p><p data-start=\"1732\" data-end=\"1978\">No realizamos trabajos t\u00e9cnicos ni de reparaci\u00f3n. En su lugar, <strong data-start=\"1788\" data-end=\"1844\">gestionar la contrataci\u00f3n, coordinaci\u00f3n y activaci\u00f3n<\/strong> de servicios esenciales como electricidad, Internet, cable y seguro para inquilinos, lo que garantiza una experiencia de instalaci\u00f3n fluida y sin estr\u00e9s.<\/p><p data-start=\"1980\" data-end=\"2120\">Nuestro objetivo es simplificar todo el proceso ofreciendo <strong data-start=\"2035\" data-end=\"2101\">Orientaci\u00f3n clara, activaci\u00f3n r\u00e1pida y soporte al cliente confiable<\/strong>, all in one place.<\/p>\t\t\t\t\t\t\t\t<\/div>\n\t\t<div class=\"elementor-element elementor-element-c971ea1 e-con-full e-flex e-con e-child\" data-id=\"c971ea1\" data-element_type=\"container\" data-e-type=\"container\">\n\t\t<div class=\"elementor-element elementor-element-d7b0e3d e-con-full e-flex e-con e-child\" data-id=\"d7b0e3d\" data-element_type=\"container\" data-e-type=\"container\">\n\t\t<div class=\"elementor-element elementor-element-d647ebd e-con-full e-flex e-con e-child\" data-id=\"d647ebd\" data-element_type=\"container\" data-e-type=\"container\" data-settings=\"{&quot;background_background&quot;:&quot;classic&quot;}\">\n\t\t\t\t<div class=\"elementor-element elementor-element-19a5643 elementor-widget elementor-widget-image\" data-id=\"19a5643\" data-element_type=\"widget\" data-e-type=\"widget\" data-widget_type=\"image.default\">\n\t\t\t\t\t\t\t\t\t\t\t\t\t\t\t<img decoding=\"async\" width=\"300\" height=\"300\" src=\"https:\/\/utilityconnectsolutions.com\/wp-content\/uploads\/2026\/01\/4APC6K8k.png\" class=\"attachment-full size-full wp-image-35\" alt=\"\" srcset=\"https:\/\/utilityconnectsolutions.com\/wp-content\/uploads\/2026\/01\/4APC6K8k.png 300w, https:\/\/utilityconnectsolutions.com\/wp-content\/uploads\/2026\/01\/4APC6K8k-150x150.png 150w\" sizes=\"(max-width: 300px) 100vw, 300px\" \/>\t\t\t\t\t\t\t\t\t\t\t\t\t\t\t<\/div>\n\t\t\t\t<\/div>\n\t\t\t\t<\/div>\n\t\t<div class=\"elementor-element elementor-element-e55b134 e-con-full e-flex e-con e-child\" data-id=\"e55b134\" data-element_type=\"container\" data-e-type=\"container\">\n\t\t\t\t<div class=\"elementor-element elementor-element-ed310e3 elementor-widget elementor-widget-image-box\" data-id=\"ed310e3\" data-element_type=\"widget\" data-e-type=\"widget\" data-widget_type=\"image-box.default\">\n\t\t\t\t\t<div class=\"elementor-image-box-wrapper\"><div class=\"elementor-image-box-content\"><h4 class=\"elementor-image-box-title\">Nuestra misi\u00f3n<\/h4><p class=\"elementor-image-box-description\">Ser un socio de confianza para la conexi\u00f3n de servicios en Texas, ayudando a los clientes a acceder f\u00e1cilmente a los servicios esenciales con confianza y transparencia.<\/p><\/div><\/div>\t\t\t\t<\/div>\n\t\t\t\t<\/div>\n\t\t\t\t<\/div>\n\t\t<div class=\"elementor-element elementor-element-5849425 e-con-full e-flex e-con e-child\" data-id=\"5849425\" data-element_type=\"container\" data-e-type=\"container\">\n\t\t<div class=\"elementor-element elementor-element-ee9a8cf e-con-full e-flex e-con e-child\" data-id=\"ee9a8cf\" data-element_type=\"container\" data-e-type=\"container\">\n\t\t<div class=\"elementor-element elementor-element-e3b6f56 e-con-full e-flex e-con e-child\" data-id=\"e3b6f56\" data-element_type=\"container\" data-e-type=\"container\" data-settings=\"{&quot;background_background&quot;:&quot;classic&quot;}\">\n\t\t\t\t<div class=\"elementor-element elementor-element-2eaa130 elementor-widget elementor-widget-image\" data-id=\"2eaa130\" data-element_type=\"widget\" data-e-type=\"widget\" data-widget_type=\"image.default\">\n\t\t\t\t\t\t\t\t\t\t\t\t\t\t\t<img loading=\"lazy\" decoding=\"async\" width=\"300\" height=\"300\" src=\"https:\/\/utilityconnectsolutions.com\/wp-content\/uploads\/2026\/01\/4APC6K8l.png\" class=\"attachment-full size-full wp-image-36\" alt=\"\" srcset=\"https:\/\/utilityconnectsolutions.com\/wp-content\/uploads\/2026\/01\/4APC6K8l.png 300w, https:\/\/utilityconnectsolutions.com\/wp-content\/uploads\/2026\/01\/4APC6K8l-150x150.png 150w\" sizes=\"(max-width: 300px) 100vw, 300px\" \/>\t\t\t\t\t\t\t\t\t\t\t\t\t\t\t<\/div>\n\t\t\t\t<\/div>\n\t\t\t\t<\/div>\n\t\t<div class=\"elementor-element elementor-element-5f633e2 e-con-full e-flex e-con e-child\" data-id=\"5f633e2\" data-element_type=\"container\" data-e-type=\"container\">\n\t\t\t\t<div class=\"elementor-element elementor-element-b8ea38f elementor-widget elementor-widget-image-box\" data-id=\"b8ea38f\" data-element_type=\"widget\" data-e-type=\"widget\" data-widget_type=\"image-box.default\">\n\t\t\t\t\t<div class=\"elementor-image-box-wrapper\"><div class=\"elementor-image-box-content\"><h4 class=\"elementor-image-box-title\">Nuestra misi\u00f3n<\/h4><p class=\"elementor-image-box-description\">Simplificar el proceso de configuraci\u00f3n de servicios de electricidad, internet, cable y seguro para inquilinos brindando un servicio personalizado, soluciones confiables y soporte al cliente continuo, sin complejidad t\u00e9cnica.<\/p><\/div><\/div>\t\t\t\t<\/div>\n\t\t\t\t<\/div>\n\t\t\t\t<\/div>\n\t\t\t\t<div class=\"elementor-element elementor-element-2635757 elementor-widget elementor-widget-spacer\" data-id=\"2635757\" data-element_type=\"widget\" data-e-type=\"widget\" data-widget_type=\"spacer.default\">\n\t\t\t\t\t\t\t<div class=\"elementor-spacer\">\n\t\t\t<div class=\"elementor-spacer-inner\"><\/div>\n\t\t<\/div>\n\t\t\t\t\t\t<\/div>\n\t\t\t\t<\/div>\n\t\t\t\t\t<\/div>\n\t\t\t\t<\/div>\n\t\t<div class=\"elementor-element elementor-element-6dfb207 e-flex e-con-boxed e-con e-parent\" data-id=\"6dfb207\" data-element_type=\"container\" data-e-type=\"container\">\n\t\t\t\t\t<div class=\"e-con-inner\">\n\t\t<div class=\"elementor-element elementor-element-c400839 e-con-full e-flex e-con e-child\" data-id=\"c400839\" data-element_type=\"container\" data-e-type=\"container\">\n\t\t<div class=\"elementor-element elementor-element-fc4880b e-con-full e-flex elementor-invisible e-con e-child\" data-id=\"fc4880b\" data-element_type=\"container\" data-e-type=\"container\" data-settings=\"{&quot;background_background&quot;:&quot;classic&quot;,&quot;animation&quot;:&quot;fadeInDown&quot;}\">\n\t\t\t\t<div class=\"elementor-element elementor-element-9ce81d3 elementor-position-top elementor-widget elementor-widget-image-box\" data-id=\"9ce81d3\" data-element_type=\"widget\" data-e-type=\"widget\" data-widget_type=\"image-box.default\">\n\t\t\t\t\t<div class=\"elementor-image-box-wrapper\"><figure class=\"elementor-image-box-img\"><img loading=\"lazy\" decoding=\"async\" width=\"300\" height=\"300\" src=\"https:\/\/utilityconnectsolutions.com\/wp-content\/uploads\/2026\/01\/4APC6K8a.png\" class=\"attachment-full size-full wp-image-29\" alt=\"\" srcset=\"https:\/\/utilityconnectsolutions.com\/wp-content\/uploads\/2026\/01\/4APC6K8a.png 300w, https:\/\/utilityconnectsolutions.com\/wp-content\/uploads\/2026\/01\/4APC6K8a-150x150.png 150w\" sizes=\"(max-width: 300px) 100vw, 300px\" \/><\/figure><div class=\"elementor-image-box-content\"><h4 class=\"elementor-image-box-title\">Contratos seguros y transparentes<\/h4><p class=\"elementor-image-box-description\">Acuerdos de servicio claros sin t\u00e9rminos ocultos, garantizando confianza y tranquilidad para cada cliente.<\/p><\/div><\/div>\t\t\t\t<\/div>\n\t\t\t\t<\/div>\n\t\t<div class=\"elementor-element elementor-element-5b47768 e-con-full e-flex elementor-invisible e-con e-child\" data-id=\"5b47768\" data-element_type=\"container\" data-e-type=\"container\" data-settings=\"{&quot;background_background&quot;:&quot;classic&quot;,&quot;animation&quot;:&quot;fadeInDown&quot;}\">\n\t\t\t\t<div class=\"elementor-element elementor-element-cd3d961 elementor-position-top elementor-widget elementor-widget-image-box\" data-id=\"cd3d961\" data-element_type=\"widget\" data-e-type=\"widget\" data-widget_type=\"image-box.default\">\n\t\t\t\t\t<div class=\"elementor-image-box-wrapper\"><figure class=\"elementor-image-box-img\"><img loading=\"lazy\" decoding=\"async\" width=\"300\" height=\"300\" src=\"https:\/\/utilityconnectsolutions.com\/wp-content\/uploads\/2026\/01\/4APC6K8b.png\" class=\"attachment-full size-full wp-image-30\" alt=\"\" srcset=\"https:\/\/utilityconnectsolutions.com\/wp-content\/uploads\/2026\/01\/4APC6K8b.png 300w, https:\/\/utilityconnectsolutions.com\/wp-content\/uploads\/2026\/01\/4APC6K8b-150x150.png 150w\" sizes=\"(max-width: 300px) 100vw, 300px\" \/><\/figure><div class=\"elementor-image-box-content\"><h4 class=\"elementor-image-box-title\">Activaci\u00f3n r\u00e1pida del servicio<\/h4><p class=\"elementor-image-box-description\">Ayuda para coordinar el seguro de inquilinos con los servicios de electricidad, Internet y cable.<\/p><\/div><\/div>\t\t\t\t<\/div>\n\t\t\t\t<\/div>\n\t\t\t\t<\/div>\n\t\t<div class=\"elementor-element elementor-element-0c526af e-con-full e-flex e-con e-child\" data-id=\"0c526af\" data-element_type=\"container\" data-e-type=\"container\">\n\t\t<div class=\"elementor-element elementor-element-a168ed3 e-con-full e-flex elementor-invisible e-con e-child\" data-id=\"a168ed3\" data-element_type=\"container\" data-e-type=\"container\" data-settings=\"{&quot;background_background&quot;:&quot;classic&quot;,&quot;animation&quot;:&quot;fadeInDown&quot;}\">\n\t\t\t\t<div class=\"elementor-element elementor-element-d479657 elementor-position-top elementor-widget elementor-widget-image-box\" data-id=\"d479657\" data-element_type=\"widget\" data-e-type=\"widget\" data-widget_type=\"image-box.default\">\n\t\t\t\t\t<div class=\"elementor-image-box-wrapper\"><figure class=\"elementor-image-box-img\"><img loading=\"lazy\" decoding=\"async\" width=\"300\" height=\"300\" src=\"https:\/\/utilityconnectsolutions.com\/wp-content\/uploads\/2026\/01\/4APC6K8c.png\" class=\"attachment-full size-full wp-image-31\" alt=\"\" srcset=\"https:\/\/utilityconnectsolutions.com\/wp-content\/uploads\/2026\/01\/4APC6K8c.png 300w, https:\/\/utilityconnectsolutions.com\/wp-content\/uploads\/2026\/01\/4APC6K8c-150x150.png 150w\" sizes=\"(max-width: 300px) 100vw, 300px\" \/><\/figure><div class=\"elementor-image-box-content\"><h4 class=\"elementor-image-box-title\">Asesoramiento de servicio experto<\/h4><p class=\"elementor-image-box-description\">Asistencia profesional para ayudarle a elegir las opciones adecuadas seg\u00fan sus necesidades y presupuesto.<\/p><\/div><\/div>\t\t\t\t<\/div>\n\t\t\t\t<\/div>\n\t\t<div class=\"elementor-element elementor-element-ac73972 e-con-full e-flex elementor-invisible e-con e-child\" data-id=\"ac73972\" data-element_type=\"container\" data-e-type=\"container\" data-settings=\"{&quot;background_background&quot;:&quot;classic&quot;,&quot;animation&quot;:&quot;fadeInDown&quot;}\">\n\t\t\t\t<div class=\"elementor-element elementor-element-dccd2c2 elementor-position-top elementor-widget elementor-widget-image-box\" data-id=\"dccd2c2\" data-element_type=\"widget\" data-e-type=\"widget\" data-widget_type=\"image-box.default\">\n\t\t\t\t\t<div class=\"elementor-image-box-wrapper\"><figure class=\"elementor-image-box-img\"><img loading=\"lazy\" decoding=\"async\" width=\"300\" height=\"300\" src=\"https:\/\/utilityconnectsolutions.com\/wp-content\/uploads\/2026\/01\/4APC6K8d.png\" class=\"attachment-full size-full wp-image-32\" alt=\"\" srcset=\"https:\/\/utilityconnectsolutions.com\/wp-content\/uploads\/2026\/01\/4APC6K8d.png 300w, https:\/\/utilityconnectsolutions.com\/wp-content\/uploads\/2026\/01\/4APC6K8d-150x150.png 150w\" sizes=\"(max-width: 300px) 100vw, 300px\" \/><\/figure><div class=\"elementor-image-box-content\"><h4 class=\"elementor-image-box-title\">Conveniencia a largo plazo<\/h4><p class=\"elementor-image-box-description\">Un \u00fanico punto de contacto para gestionar m\u00faltiples servicios, ahorr\u00e1ndole tiempo y esfuerzo.<\/p><\/div><\/div>\t\t\t\t<\/div>\n\t\t\t\t<\/div>\n\t\t\t\t<\/div>\n\t\t\t\t\t<\/div>\n\t\t\t\t<\/div>\n\t\t<div class=\"elementor-element elementor-element-1dc9cf1 e-flex e-con-boxed e-con e-parent\" data-id=\"1dc9cf1\" data-element_type=\"container\" data-e-type=\"container\" data-settings=\"{&quot;background_background&quot;:&quot;classic&quot;}\">\n\t\t\t\t\t<div class=\"e-con-inner\">\n\t\t<div class=\"elementor-element elementor-element-32ff591 e-con-full e-flex e-con e-child\" data-id=\"32ff591\" data-element_type=\"container\" data-e-type=\"container\">\n\t\t<div class=\"elementor-element elementor-element-33371a3 e-con-full e-flex e-con e-child\" data-id=\"33371a3\" data-element_type=\"container\" data-e-type=\"container\">\n\t\t<div class=\"elementor-element elementor-element-5ed87eb e-con-full e-flex e-con e-child\" data-id=\"5ed87eb\" data-element_type=\"container\" data-e-type=\"container\">\n\t\t\t\t<div class=\"elementor-element elementor-element-1f0ce2e elementor-widget elementor-widget-heading\" data-id=\"1f0ce2e\" data-element_type=\"widget\" data-e-type=\"widget\" data-widget_type=\"heading.default\">\n\t\t\t\t\t<h2 class=\"elementor-heading-title elementor-size-default\">\u00bfTienes alguna otra pregunta? <\/h2>\t\t\t\t<\/div>\n\t\t\t\t<\/div>\n\t\t<div class=\"elementor-element elementor-element-07d4008 e-con-full e-flex e-con e-child\" data-id=\"07d4008\" data-element_type=\"container\" data-e-type=\"container\">\n\t\t\t\t<div class=\"elementor-element elementor-element-c679a3b elementor-widget elementor-widget-heading\" data-id=\"c679a3b\" data-element_type=\"widget\" data-e-type=\"widget\" data-widget_type=\"heading.default\">\n\t\t\t\t\t<h2 class=\"elementor-heading-title elementor-size-default\">Obtengamos respuestas personales<\/h2>\t\t\t\t<\/div>\n\t\t\t\t<\/div>\n\t\t\t\t<\/div>\n\t\t<div class=\"elementor-element elementor-element-175533a e-con-full e-flex e-con e-child\" data-id=\"175533a\" data-element_type=\"container\" data-e-type=\"container\">\n\t\t\t\t<div class=\"elementor-element elementor-element-285583f elementor-widget elementor-widget-button\" data-id=\"285583f\" data-element_type=\"widget\" data-e-type=\"widget\" data-widget_type=\"button.default\">\n\t\t\t\t\t\t\t\t\t\t<a class=\"elementor-button elementor-button-link elementor-size-sm\" href=\"https:\/\/connectenergyus.myambit.com\/rates-and-plans\/\">\n\t\t\t\t\t\t<span class=\"elementor-button-content-wrapper\">\n\t\t\t\t\t\t\t\t\t<span class=\"elementor-button-text\">M\u00e1s informaci\u00f3n<\/span>\n\t\t\t\t\t<\/span>\n\t\t\t\t\t<\/a>\n\t\t\t\t\t\t\t\t<\/div>\n\t\t\t\t<div class=\"elementor-element elementor-element-97d2837 elementor-view-stacked elementor-position-inline-start elementor-mobile-position-inline-start elementor-shape-circle elementor-widget elementor-widget-icon-box\" data-id=\"97d2837\" data-element_type=\"widget\" data-e-type=\"widget\" data-widget_type=\"icon-box.default\">\n\t\t\t\t\t\t\t<div class=\"elementor-icon-box-wrapper\">\n\n\t\t\t\t\t\t<div class=\"elementor-icon-box-icon\">\n\t\t\t\t<a href=\"#\" class=\"elementor-icon elementor-animation-shrink\" tabindex=\"-1\" aria-label=\"Ll\u00e1menos\">\n\t\t\t\t<i aria-hidden=\"true\" class=\"rtmicon rtmicon-phone-volume-down\"><\/i>\t\t\t\t<\/a>\n\t\t\t<\/div>\n\t\t\t\n\t\t\t\t\t\t<div class=\"elementor-icon-box-content\">\n\n\t\t\t\t\t\t\t\t\t<h5 class=\"elementor-icon-box-title\">\n\t\t\t\t\t\t<a href=\"#\" >\n\t\t\t\t\t\t\tLl\u00e1menos\t\t\t\t\t\t<\/a>\n\t\t\t\t\t<\/h5>\n\t\t\t\t\n\t\t\t\t\t\t\t\t\t<p class=\"elementor-icon-box-description\">\n\t\t\t\t\t\t(888) 403-6374 \n\t\t\t\t\t<\/p>\n\t\t\t\t\n\t\t\t<\/div>\n\t\t\t\n\t\t<\/div>\n\t\t\t\t\t\t<\/div>\n\t\t\t\t<\/div>\n\t\t\t\t<\/div>\n\t\t<div class=\"elementor-element elementor-element-4c119f4 e-con-full e-flex e-con e-child\" data-id=\"4c119f4\" data-element_type=\"container\" data-e-type=\"container\">\n\t\t<div class=\"elementor-element elementor-element-dec392a e-con-full e-flex e-con e-child\" data-id=\"dec392a\" data-element_type=\"container\" data-e-type=\"container\">\n\t\t\t\t<div class=\"elementor-element elementor-element-3a04f95 elementor-widget elementor-widget-image\" data-id=\"3a04f95\" data-element_type=\"widget\" data-e-type=\"widget\" data-widget_type=\"image.default\">\n\t\t\t\t\t\t\t\t\t\t\t\t\t\t\t<img loading=\"lazy\" decoding=\"async\" width=\"412\" height=\"606\" src=\"https:\/\/utilityconnectsolutions.com\/wp-content\/uploads\/2026\/01\/hombre-negocios-que-apunta-lateral_1368-8799-removebg-preview.png\" class=\"attachment-full size-full wp-image-417\" alt=\"\" srcset=\"https:\/\/utilityconnectsolutions.com\/wp-content\/uploads\/2026\/01\/hombre-negocios-que-apunta-lateral_1368-8799-removebg-preview.png 412w, https:\/\/utilityconnectsolutions.com\/wp-content\/uploads\/2026\/01\/hombre-negocios-que-apunta-lateral_1368-8799-removebg-preview-204x300.png 204w, https:\/\/utilityconnectsolutions.com\/wp-content\/uploads\/2026\/01\/hombre-negocios-que-apunta-lateral_1368-8799-removebg-preview-8x12.png 8w\" sizes=\"(max-width: 412px) 100vw, 412px\" \/>\t\t\t\t\t\t\t\t\t\t\t\t\t\t\t<\/div>\n\t\t\t\t<\/div>\n\t\t\t\t<\/div>\n\t\t\t\t\t<\/div>\n\t\t\t\t<\/div>\n\t\t\t\t<\/div>","protected":false},"excerpt":{"rendered":"<p>About Us Who We Are Trusted Service Connection Experts At Utility Connect Solutions, we specialize in contract-based service installations and utility connections for residential and commercial customers across Texas. We do not perform technical or repair work. Instead, we manage the contracting, coordination, and activation of essential services such as electricity, internet, cable, and renters [&hellip;]<\/p>\n","protected":false},"author":2,"featured_media":0,"parent":0,"menu_order":0,"comment_status":"closed","ping_status":"closed","template":"","meta":{"footnotes":""},"class_list":["post-80","page","type-page","status-publish","hentry"],"_hostinger_reach_plugin_has_subscription_block":false,"_hostinger_reach_plugin_is_elementor":false,"_links":{"self":[{"href":"https:\/\/utilityconnectsolutions.com\/es\/wp-json\/wp\/v2\/pages\/80","targetHints":{"allow":["GET"]}}],"collection":[{"href":"https:\/\/utilityconnectsolutions.com\/es\/wp-json\/wp\/v2\/pages"}],"about":[{"href":"https:\/\/utilityconnectsolutions.com\/es\/wp-json\/wp\/v2\/types\/page"}],"author":[{"embeddable":true,"href":"https:\/\/utilityconnectsolutions.com\/es\/wp-json\/wp\/v2\/users\/2"}],"replies":[{"embeddable":true,"href":"https:\/\/utilityconnectsolutions.com\/es\/wp-json\/wp\/v2\/comments?post=80"}],"version-history":[{"count":13,"href":"https:\/\/utilityconnectsolutions.com\/es\/wp-json\/wp\/v2\/pages\/80\/revisions"}],"predecessor-version":[{"id":426,"href":"https:\/\/utilityconnectsolutions.com\/es\/wp-json\/wp\/v2\/pages\/80\/revisions\/426"}],"wp:attachment":[{"href":"https:\/\/utilityconnectsolutions.com\/es\/wp-json\/wp\/v2\/media?parent=80"}],"curies":[{"name":"wp","href":"https:\/\/api.w.org\/{rel}","templated":true}]}}